{"id":50,"date":"2018-04-30T13:31:31","date_gmt":"2018-04-30T13:31:31","guid":{"rendered":"http:\/\/new.berlinersc-rugby.de\/?page_id=50"},"modified":"2025-12-04T13:22:56","modified_gmt":"2025-12-04T12:22:56","slug":"bsc-damen","status":"publish","type":"page","link":"https:\/\/berlinersc-rugby.de\/de\/team-2\/bsc-damen\/","title":{"rendered":"BSC Rugby Women"},"content":{"rendered":"\n<p class=\"has-huge-font-size\"><strong>BSC Rugby Frauen<\/strong><\/p>\n\n\n\n<p>Wir sind das Frauen-Rugby-7s-Team des Berliner Sport Clubs, eine bunte Mischung aus erfahrenen Spielerinnen und Neueinsteigerinnen, die vor allem eins verbindet: die Leidenschaft f\u00fcr Rugby und ein starker Teamzusammenhalt. Auf und neben dem Platz geben wir alles, f\u00f6rdern uns gegenseitig und haben jede Menge Spa\u00df. Vom Pub-Abend \u00fcber Team Trips bis hin zu spontanen Events, oder einem Bier in unserem BSC Casino nach dem Training.<\/p>\n\n\n\n<p>Lust, dabei zu sein? Schreib uns eine <a rel=\"noreferrer noopener\" href=\"mailto:rugby@berlinersc-rugby.de\" target=\"_blank\">E-Mail<\/a> oder \u00fcber <a rel=\"noreferrer noopener\" href=\"https:\/\/www.instagram.com\/bsc_womensrugby\/\" target=\"_blank\">Instagram<\/a> und komm beim Training vorbei!<\/p>\n\n\n\n<p>\ud83d\uddd3\ufe0f Jeden Montag und Mittwoch<br>\u23f1\ufe0f 18.30-20.30<br>\ud83d\udccd Hubertusallee 50<\/p>\n\n\n\n<p>Was du brauchst:<br>\ud83c\udfc3\u200d\u2640\ufe0f Sportklamotten (sie werden schmutzig!)<br>\ud83d\udc5f Sportschuhe (Stollenschuhe oder Lauf schuhe)<br>\ud83d\udc44 Mundschutz (wenn vorhanden)<\/p>\n\n\n\n<figure class=\"wp-block-image size-large is-resized\"><img loading=\"lazy\" src=\"https:\/\/berlinersc-rugby.de\/wp-content\/uploads\/2025\/12\/BSC-Damen-Rugby-Team-1024x646.png\" alt=\"\" class=\"wp-image-794\" width=\"1024\" height=\"646\" srcset=\"https:\/\/berlinersc-rugby.de\/wp-content\/uploads\/2025\/12\/BSC-Damen-Rugby-Team-1024x646.png 1024w, https:\/\/berlinersc-rugby.de\/wp-content\/uploads\/2025\/12\/BSC-Damen-Rugby-Team-300x189.png 300w, https:\/\/berlinersc-rugby.de\/wp-content\/uploads\/2025\/12\/BSC-Damen-Rugby-Team-768x485.png 768w, https:\/\/berlinersc-rugby.de\/wp-content\/uploads\/2025\/12\/BSC-Damen-Rugby-Team-1536x969.png 1536w, https:\/\/berlinersc-rugby.de\/wp-content\/uploads\/2025\/12\/BSC-Damen-Rugby-Team.png 1721w\" sizes=\"(max-width: 1024px) 100vw, 1024px\" \/><\/figure>\n\n\n\n<h1><br>Coaches<br><\/h1>\n\n\n\n<div class=\"wp-block-media-text alignwide is-stacked-on-mobile\" style=\"grid-template-columns:20% auto\"><figure class=\"wp-block-media-text__media\"><img loading=\"lazy\" width=\"150\" height=\"150\" src=\"https:\/\/berlinersc-rugby.de\/wp-content\/uploads\/2025\/12\/Ivo-Meyer-BSC-Coach-150x150.png\" alt=\"\" class=\"wp-image-795 size-thumbnail\" srcset=\"https:\/\/berlinersc-rugby.de\/wp-content\/uploads\/2025\/12\/Ivo-Meyer-BSC-Coach-150x150.png 150w, https:\/\/berlinersc-rugby.de\/wp-content\/uploads\/2025\/12\/Ivo-Meyer-BSC-Coach.png 300w\" sizes=\"(max-width: 150px) 100vw, 150px\" \/><\/figure><div class=\"wp-block-media-text__content\">\n<p class=\"has-large-font-size\">Ivo<\/p>\n\n\n\n<p><strong>Ivo<\/strong> ist seit \u00fcber einem Jahrzehnt aktiver Rugbyspieler und bringt seine ganze Erfahrung aus zahlreichen Spielen und Saisons in unser Training ein. Durch seine lange Spielerkarriere kennt er die Herausforderungen und Chancen jeder Position und versteht es, seine Expertise verst\u00e4ndlich und praxisnah zu vermitteln. Im Training legt er gro\u00dfen Wert auf Technik, Spiel\u00fcbersicht und taktisches Verst\u00e4ndnis, aber auch darauf, dass jede Spielerin individuell gef\u00f6rdert wird. Seine ruhige, aber bestimmte Art motiviert das Team, immer \u00fcber sich hinauszuwachsen.<\/p>\n<\/div><\/div>\n\n\n\n<div class=\"wp-block-media-text alignwide is-stacked-on-mobile\" style=\"grid-template-columns:20% auto\"><figure class=\"wp-block-media-text__media\"><img loading=\"lazy\" width=\"300\" height=\"300\" src=\"https:\/\/berlinersc-rugby.de\/wp-content\/uploads\/2025\/12\/Marie-Beutel-BSC-Coach.png\" alt=\"\" class=\"wp-image-796 size-full\" srcset=\"https:\/\/berlinersc-rugby.de\/wp-content\/uploads\/2025\/12\/Marie-Beutel-BSC-Coach.png 300w, https:\/\/berlinersc-rugby.de\/wp-content\/uploads\/2025\/12\/Marie-Beutel-BSC-Coach-150x150.png 150w\" sizes=\"(max-width: 300px) 100vw, 300px\" \/><\/figure><div class=\"wp-block-media-text__content\">\n<p class=\"has-large-font-size\">Marie<\/p>\n\n\n\n<p><strong>Marie<\/strong> hat ihre sportlichen Wurzeln im Voltigieren, einer Sportart, die Kraft, Eleganz, K\u00f6rperbeherrschung und Teamarbeit vereint. Dieses Wissen bringt sie gezielt ins Rugby ein: Mit abwechslungsreichen Fitnessprogrammen, Mobility-\u00dcbungen und Stabilit\u00e4tstraining sorgt sie daf\u00fcr, dass wir nicht nur fitter und verletzungsresistenter werden, sondern auch als Team enger zusammenwachsen. Marie hat ein gutes Gesp\u00fcr daf\u00fcr, die Stimmung im Training hochzuhalten und alle mitzunehmen, egal ob Anf\u00e4ngerin oder erfahrene Spielerin.<\/p>\n<\/div><\/div>\n\n\n\n<h1><br>Captains<br><\/h1>\n\n\n\n<div class=\"wp-block-media-text alignwide is-stacked-on-mobile\" style=\"grid-template-columns:20% auto\"><figure class=\"wp-block-media-text__media\"><img loading=\"lazy\" width=\"300\" height=\"300\" src=\"https:\/\/berlinersc-rugby.de\/wp-content\/uploads\/2025\/12\/Ioana-BSC-Captain.png\" alt=\"\" class=\"wp-image-797 size-full\" srcset=\"https:\/\/berlinersc-rugby.de\/wp-content\/uploads\/2025\/12\/Ioana-BSC-Captain.png 300w, https:\/\/berlinersc-rugby.de\/wp-content\/uploads\/2025\/12\/Ioana-BSC-Captain-150x150.png 150w\" sizes=\"(max-width: 300px) 100vw, 300px\" \/><\/figure><div class=\"wp-block-media-text__content\">\n<p class=\"has-large-font-size\">Ioana<\/p>\n\n\n\n<p><strong>Ioana<\/strong> ist die treibende Kraft unseres Teams. Mit ihrer Energie und ihrem Engagement f\u00fcr Rugby inspiriert sie alle um sie herum. Auf dem Spielfeld geht sie mit gutem Beispiel voran, \u00fcbernimmt Verantwortung und gibt in jedem Spiel den Ton an. Au\u00dferhalb des Spielfelds sorgt sie daf\u00fcr, dass sich jede Spielerin integriert f\u00fchlt und der Teamgeist stark bleibt.<\/p>\n<\/div><\/div>\n\n\n\n<h1><br>Vice-Captains<br><\/h1>\n\n\n\n<div class=\"wp-block-media-text alignwide is-stacked-on-mobile\" style=\"grid-template-columns:20% auto\"><figure class=\"wp-block-media-text__media\"><img loading=\"lazy\" width=\"300\" height=\"300\" src=\"https:\/\/berlinersc-rugby.de\/wp-content\/uploads\/2025\/12\/Laura-BSC-Vice-Captain.png\" alt=\"\" class=\"wp-image-798 size-full\" srcset=\"https:\/\/berlinersc-rugby.de\/wp-content\/uploads\/2025\/12\/Laura-BSC-Vice-Captain.png 300w, https:\/\/berlinersc-rugby.de\/wp-content\/uploads\/2025\/12\/Laura-BSC-Vice-Captain-150x150.png 150w\" sizes=\"(max-width: 300px) 100vw, 300px\" \/><\/figure><div class=\"wp-block-media-text__content\">\n<p class=\"has-large-font-size\">Laura<\/p>\n\n\n\n<p><strong>Laura<\/strong>  ist unsere gute Laune in Person, mit ihrem Humor und ihrer offenen Art bringt sie das Team regelm\u00e4\u00dfig zum Lachen und sorgt daf\u00fcr, dass wir auch in anstrengenden Phasen den Spa\u00df nicht verlieren. Gleichzeitig beh\u00e4lt sie auf dem Feld den \u00dcberblick, ist zuverl\u00e4ssig und eine wichtige Ansprechperson, besonders f\u00fcr neue Spielerinnen, die sich dank ihr schnell wohlf\u00fchlen.<\/p>\n<\/div><\/div>\n\n\n\n<div class=\"wp-block-media-text alignwide is-stacked-on-mobile\" style=\"grid-template-columns:20% auto\"><figure class=\"wp-block-media-text__media\"><img loading=\"lazy\" width=\"300\" height=\"300\" src=\"https:\/\/berlinersc-rugby.de\/wp-content\/uploads\/2025\/12\/Bianca-BSC-Vice-Captain.png\" alt=\"\" class=\"wp-image-799 size-full\" srcset=\"https:\/\/berlinersc-rugby.de\/wp-content\/uploads\/2025\/12\/Bianca-BSC-Vice-Captain.png 300w, https:\/\/berlinersc-rugby.de\/wp-content\/uploads\/2025\/12\/Bianca-BSC-Vice-Captain-150x150.png 150w\" sizes=\"(max-width: 300px) 100vw, 300px\" \/><\/figure><div class=\"wp-block-media-text__content\">\n<p class=\"has-large-font-size\">Bianca<\/p>\n\n\n\n<p><strong>Bianca<\/strong> bringt Leidenschaft und Motivation ins Team. Sie ist die Stimme, die uns antreibt, wenn es eng wird, und die Spielerin, die immer noch eine Schippe drauflegt. Ihre Energie und ihr Wille, alles f\u00fcr das Team zu geben, machen sie zu einer unverzichtbaren St\u00fctze, auf und neben dem Spielfeld.<\/p>\n<\/div><\/div>\n\n\n\n<h1><br>Was uns ausmacht<\/h1>\n\n\n\n<ul><li><strong>Vielfalt &#038; Zusammenhalt: <\/strong>Wir sind international, offen f\u00fcr alle und leben echte Teamkultur.<\/li><li><strong>Spiel &#038; Spa\u00df: <\/strong>Wir wollen besser werden, Spiele gewinnen \u2013 und dabei nie vergessen, warum wir Rugby lieben.<\/li><li><strong>Gemeinschaft:<\/strong> Von Pub-Abend \u00fcber Team Trips bis hin zu spontanen Events, wir verbringen auch abseits des Platzes gerne Zeit miteinander.<\/li><\/ul>\n\n\n\n<p>Ob erfahren oder ganz neu im Rugby: Jede ist willkommen! Einfach vorbeikommen, mitmachen und Teil unseres Teams werden.<\/p>\n\n\n\n<p><strong>\ud83d\udc49 <meta charset=\"utf-8\">Lust, dabei zu sein? Schreib uns eine <a rel=\"noreferrer noopener\" href=\"mailto:rugby@berlinersc-rugby.de\" target=\"_blank\">E-Mail<\/a> oder \u00fcber <a rel=\"noreferrer noopener\" href=\"https:\/\/www.instagram.com\/bsc_womensrugby\/\" target=\"_blank\">Instagram<\/a> komm beim Training vorbei!<\/strong><\/p>\n","protected":false},"excerpt":{"rendered":"<p>BSC Rugby Frauen Wir sind das Frauen-Rugby-7s-Team des Berliner Sport Clubs, eine bunte Mischung aus erfahrenen Spielerinnen und Neueinsteigerinnen, die vor allem eins verbindet: die Leidenschaft f\u00fcr Rugby und ein starker Teamzusammenhalt. Auf und neben dem Platz geben wir alles, f\u00f6rdern uns gegenseitig und haben jede Menge Spa\u00df. Vom Pub-Abend \u00fcber Team Trips bis hin [&hellip;]<\/p>\n","protected":false},"author":6,"featured_media":0,"parent":48,"menu_order":0,"comment_status":"closed","ping_status":"closed","template":"","meta":[],"_links":{"self":[{"href":"https:\/\/berlinersc-rugby.de\/de\/wp-json\/wp\/v2\/pages\/50"}],"collection":[{"href":"https:\/\/berlinersc-rugby.de\/de\/wp-json\/wp\/v2\/pages"}],"about":[{"href":"https:\/\/berlinersc-rugby.de\/de\/wp-json\/wp\/v2\/types\/page"}],"author":[{"embeddable":true,"href":"https:\/\/berlinersc-rugby.de\/de\/wp-json\/wp\/v2\/users\/6"}],"replies":[{"embeddable":true,"href":"https:\/\/berlinersc-rugby.de\/de\/wp-json\/wp\/v2\/comments?post=50"}],"version-history":[{"count":34,"href":"https:\/\/berlinersc-rugby.de\/de\/wp-json\/wp\/v2\/pages\/50\/revisions"}],"predecessor-version":[{"id":812,"href":"https:\/\/berlinersc-rugby.de\/de\/wp-json\/wp\/v2\/pages\/50\/revisions\/812"}],"up":[{"embeddable":true,"href":"https:\/\/berlinersc-rugby.de\/de\/wp-json\/wp\/v2\/pages\/48"}],"wp:attachment":[{"href":"https:\/\/berlinersc-rugby.de\/de\/wp-json\/wp\/v2\/media?parent=50"}],"curies":[{"name":"wp","href":"https:\/\/api.w.org\/{rel}","templated":true}]}}