{"id":48,"date":"2018-04-30T13:31:12","date_gmt":"2018-04-30T13:31:12","guid":{"rendered":"http:\/\/new.berlinersc-rugby.de\/?page_id=48"},"modified":"2025-12-02T16:49:55","modified_gmt":"2025-12-02T15:49:55","slug":"team-2","status":"publish","type":"page","link":"https:\/\/berlinersc-rugby.de\/de\/team-2\/","title":{"rendered":"Teams"},"content":{"rendered":"\n<h3>Unsere Teams<\/h3>\n\n\n\n<div class=\"wp-block-media-text alignwide is-stacked-on-mobile is-vertically-aligned-center\" style=\"grid-template-columns:51% auto\"><figure class=\"wp-block-media-text__media\"><img loading=\"lazy\" width=\"1024\" height=\"651\" src=\"http:\/\/new.berlinersc-rugby.de\/wp-content\/uploads\/2021\/10\/WomenTeamPicture_Spring2021-1024x651.jpg\" alt=\"\" class=\"wp-image-475 size-full\" srcset=\"https:\/\/berlinersc-rugby.de\/wp-content\/uploads\/2021\/10\/WomenTeamPicture_Spring2021-1024x651.jpg 1024w, https:\/\/berlinersc-rugby.de\/wp-content\/uploads\/2021\/10\/WomenTeamPicture_Spring2021-300x191.jpg 300w, https:\/\/berlinersc-rugby.de\/wp-content\/uploads\/2021\/10\/WomenTeamPicture_Spring2021-768x488.jpg 768w, https:\/\/berlinersc-rugby.de\/wp-content\/uploads\/2021\/10\/WomenTeamPicture_Spring2021.jpg 1251w\" sizes=\"(max-width: 1024px) 100vw, 1024px\" \/><\/figure><div class=\"wp-block-media-text__content\">\n<h4>BSC Frauen<\/h4>\n\n\n\n<p>Das Rugby-Team der BSC-Frauen wurde 2019 gegr\u00fcndet und ist seitdem eine gro\u00dfartige Gelegenheit, neue (internationale) Freunde kennen zu lernen, zu trainieren wie ein Biest und den tollsten Sport der Welt kennenzulernen. Ob beim Training, auf  Tour oder bei einem Turnier, wir haben immer eine tolle Zeit zusammen. Neue Spielerinnen sind stets willkommen, egal ob Sie Rugby-Erfahrung haben oder nicht. Kommt vorbei! Wir sind mehr als ein Team. Wir sind eine Familie.<\/p>\n\n\n\n<p><a href=\"http:\/\/berlinersc-rugby.de\/team\/bsc-damen\/\">More Info<\/a><\/p>\n<\/div><\/div>\n\n\n\n<div class=\"wp-block-media-text alignwide is-stacked-on-mobile\"><figure class=\"wp-block-media-text__media\"><img loading=\"lazy\" width=\"1024\" height=\"768\" src=\"http:\/\/new.berlinersc-rugby.de\/wp-content\/uploads\/2021\/03\/WhatsApp-Image-2021-03-30-at-19.41.33-1024x768.jpeg\" alt=\"\" class=\"wp-image-459 size-full\" srcset=\"https:\/\/berlinersc-rugby.de\/wp-content\/uploads\/2021\/03\/WhatsApp-Image-2021-03-30-at-19.41.33-1024x768.jpeg 1024w, https:\/\/berlinersc-rugby.de\/wp-content\/uploads\/2021\/03\/WhatsApp-Image-2021-03-30-at-19.41.33-300x225.jpeg 300w, https:\/\/berlinersc-rugby.de\/wp-content\/uploads\/2021\/03\/WhatsApp-Image-2021-03-30-at-19.41.33-768x576.jpeg 768w, https:\/\/berlinersc-rugby.de\/wp-content\/uploads\/2021\/03\/WhatsApp-Image-2021-03-30-at-19.41.33-1536x1152.jpeg 1536w, https:\/\/berlinersc-rugby.de\/wp-content\/uploads\/2021\/03\/WhatsApp-Image-2021-03-30-at-19.41.33.jpeg 1600w\" sizes=\"(max-width: 1024px) 100vw, 1024px\" \/><\/figure><div class=\"wp-block-media-text__content\">\n<h4>BSC Herren<\/h4>\n\n\n\n<p>Das Herren-Team des BSC ist in erster Linie eine Familie. Ein riesiger sozialer Kreis gleichgesinnter Typen, die eine Leidenschaft daf\u00fcr haben, Rugby zu spielen und die Gesellschaft der anderen zu genie\u00dfen und Geschichten \u00fcber ein paar Dosen Schultheiss auszutauschen. Unabh\u00e4ngig von Spielniveau oder F\u00e4higkeiten ist jeder willkommen! Egal, ob Du die Grundlagen erlernen oder die Kunst des Ausweichens perfektionieren m\u00f6chtest, wir haben ein ausgezeichnetes Trainerteam und gen\u00fcgend jahrelange Rugby-Erfahrung, die im gesamten Team verteilt ist, um Dir und uns zum Erfolg zu verhelfen, miteinander zu Lachen und kaltes Bier zu geniessen, wenn du mal auf&#8217;s Maul f\u00e4llst. Nimm Kontakt mit uns auf und erlebe das Beste, was Berliner Rugby zu bieten hat &#8211; den BSC.<\/p>\n\n\n\n<p><a href=\"http:\/\/berlinersc-rugby.de\/team\/bsc-herren\/\">More Info <\/a><\/p>\n<\/div><\/div>\n\n\n\n<div class=\"wp-block-media-text alignwide is-stacked-on-mobile\"><figure class=\"wp-block-media-text__media\"><img loading=\"lazy\" width=\"1024\" height=\"768\" src=\"http:\/\/new.berlinersc-rugby.de\/wp-content\/uploads\/2021\/03\/BSCwins-at-heinicup2020-1024x768.jpeg\" alt=\"\" class=\"wp-image-449 size-full\" srcset=\"https:\/\/berlinersc-rugby.de\/wp-content\/uploads\/2021\/03\/BSCwins-at-heinicup2020-1024x768.jpeg 1024w, https:\/\/berlinersc-rugby.de\/wp-content\/uploads\/2021\/03\/BSCwins-at-heinicup2020-300x225.jpeg 300w, https:\/\/berlinersc-rugby.de\/wp-content\/uploads\/2021\/03\/BSCwins-at-heinicup2020-768x576.jpeg 768w, https:\/\/berlinersc-rugby.de\/wp-content\/uploads\/2021\/03\/BSCwins-at-heinicup2020-1536x1152.jpeg 1536w, https:\/\/berlinersc-rugby.de\/wp-content\/uploads\/2021\/03\/BSCwins-at-heinicup2020.jpeg 1600w\" sizes=\"(max-width: 1024px) 100vw, 1024px\" \/><\/figure><div class=\"wp-block-media-text__content\">\n<h4>BSC Alte S\u00e4cke<\/h4>\n\n\n\n<p>Die Alten Herren des BSC. Wir spielen Turniere mit anderen alten S\u00e4cken, teils ab 36 Jahren, teils ab 40 Jahren &#8211; die Regeln sind verschieden. Training immer Mittwochs. Jeder ist Willkommen. Motto: Sucht &#038; Ordnung!<\/p>\n\n\n\n<p><a href=\"http:\/\/berlinersc-rugby.de\/team\/bsc-alte-herren\/\">More Info<\/a><\/p>\n<\/div><\/div>\n\n\n\n<p><\/p>\n","protected":false},"excerpt":{"rendered":"<p>Unsere Teams BSC Frauen Das Rugby-Team der BSC-Frauen wurde 2019 gegr\u00fcndet und ist seitdem eine gro\u00dfartige Gelegenheit, neue (internationale) Freunde kennen zu lernen, zu trainieren wie ein Biest und den tollsten Sport der Welt kennenzulernen. Ob beim Training, auf Tour oder bei einem Turnier, wir haben immer eine tolle Zeit zusammen. Neue Spielerinnen sind stets [&hellip;]<\/p>\n","protected":false},"author":1,"featured_media":0,"parent":0,"menu_order":0,"comment_status":"closed","ping_status":"closed","template":"","meta":[],"_links":{"self":[{"href":"https:\/\/berlinersc-rugby.de\/de\/wp-json\/wp\/v2\/pages\/48"}],"collection":[{"href":"https:\/\/berlinersc-rugby.de\/de\/wp-json\/wp\/v2\/pages"}],"about":[{"href":"https:\/\/berlinersc-rugby.de\/de\/wp-json\/wp\/v2\/types\/page"}],"author":[{"embeddable":true,"href":"https:\/\/berlinersc-rugby.de\/de\/wp-json\/wp\/v2\/users\/1"}],"replies":[{"embeddable":true,"href":"https:\/\/berlinersc-rugby.de\/de\/wp-json\/wp\/v2\/comments?post=48"}],"version-history":[{"count":46,"href":"https:\/\/berlinersc-rugby.de\/de\/wp-json\/wp\/v2\/pages\/48\/revisions"}],"predecessor-version":[{"id":802,"href":"https:\/\/berlinersc-rugby.de\/de\/wp-json\/wp\/v2\/pages\/48\/revisions\/802"}],"wp:attachment":[{"href":"https:\/\/berlinersc-rugby.de\/de\/wp-json\/wp\/v2\/media?parent=48"}],"curies":[{"name":"wp","href":"https:\/\/api.w.org\/{rel}","templated":true}]}}